{"id":881929,"date":"2024-04-16T13:06:46","date_gmt":"2024-04-16T17:06:46","guid":{"rendered":"https:\/\/www.thecompliancecenter.com\/ca\/?page_id=881929"},"modified":"2024-04-17T17:08:06","modified_gmt":"2024-04-17T21:08:06","slug":"top-12-impactful-hazmat-developments-in-2023-guide-fr","status":"publish","type":"page","link":"https:\/\/www.thecompliancecenter.com\/ca\/top-12-impactful-hazmat-developments-in-2023-guide-fr\/","title":{"rendered":"Top 12 Impactful HazMat Developments in 2023 Guide &#8211; French"},"content":{"rendered":"[vc_row type=&#8221;full_width_background&#8221; full_screen_row_position=&#8221;middle&#8221; column_margin=&#8221;default&#8221; bg_image=&#8221;881499&#8243; bg_position=&#8221;center top&#8221; bg_repeat=&#8221;no-repeat&#8221; scene_position=&#8221;center&#8221; text_color=&#8221;light&#8221; text_align=&#8221;center&#8221; top_padding=&#8221;100&#8243; bottom_padding=&#8221;140&#8243; color_overlay=&#8221;#000000&#8243; overlay_strength=&#8221;0.5&#8243; shape_divider_position=&#8221;bottom&#8221; bg_image_animation=&#8221;none&#8221; shape_type=&#8221;&#8221;][vc_column column_padding=&#8221;no-extra-padding&#8221; column_padding_position=&#8221;all&#8221; background_color_opacity=&#8221;1&#8243; background_hover_color_opacity=&#8221;1&#8243; column_link_target=&#8221;_self&#8221; column_shadow=&#8221;none&#8221; column_border_radius=&#8221;none&#8221; width=&#8221;1\/1&#8243; tablet_width_inherit=&#8221;default&#8221; tablet_text_alignment=&#8221;default&#8221; phone_text_alignment=&#8221;default&#8221; overlay_strength=&#8221;0.3&#8243; column_border_width=&#8221;none&#8221; column_border_style=&#8221;solid&#8221; bg_image_animation=&#8221;none&#8221;][vc_column_text max_width=&#8221;780px&#8221;]\n<h1>Notre guide complet des 12 principaux changements r\u00e9glementaires et \u00e9v\u00e9nements industriels de 2023 aidera votre entreprise \u00e0 se pr\u00e9parer au paysage industriel de 2024. T\u00e9l\u00e9chargez-le d\u00e8s maintenant !<\/h1>\n[\/vc_column_text][\/vc_column][\/vc_row][vc_row type=&#8221;in_container&#8221; full_screen_row_position=&#8221;middle&#8221; column_margin=&#8221;default&#8221; scene_position=&#8221;center&#8221; text_color=&#8221;dark&#8221; text_align=&#8221;left&#8221; translate_y=&#8221;-72px&#8221; zindex=&#8221;9999&#8243; overlay_strength=&#8221;0.3&#8243; shape_divider_position=&#8221;bottom&#8221; bg_image_animation=&#8221;none&#8221; shape_type=&#8221;&#8221;][vc_column column_padding=&#8221;no-extra-padding&#8221; column_padding_position=&#8221;all&#8221; background_color_opacity=&#8221;1&#8243; background_hover_color_opacity=&#8221;1&#8243; column_link_target=&#8221;_self&#8221; column_shadow=&#8221;none&#8221; column_border_radius=&#8221;none&#8221; width=&#8221;1\/6&#8243; tablet_width_inherit=&#8221;default&#8221; tablet_text_alignment=&#8221;default&#8221; phone_text_alignment=&#8221;default&#8221; overlay_strength=&#8221;0.3&#8243; column_border_width=&#8221;none&#8221; column_border_style=&#8221;solid&#8221; bg_image_animation=&#8221;none&#8221;][\/vc_column][vc_column column_padding=&#8221;padding-4-percent&#8221; column_padding_position=&#8221;all&#8221; background_color=&#8221;#ffffff&#8221; background_color_opacity=&#8221;1&#8243; background_hover_color_opacity=&#8221;1&#8243; column_link_target=&#8221;_self&#8221; column_shadow=&#8221;small_depth&#8221; column_border_radius=&#8221;10px&#8221; width=&#8221;2\/3&#8243; tablet_width_inherit=&#8221;default&#8221; tablet_text_alignment=&#8221;default&#8221; phone_text_alignment=&#8221;default&#8221; overlay_strength=&#8221;0.3&#8243; column_border_width=&#8221;none&#8221; bg_image_animation=&#8221;none&#8221;][vc_column_text]\n<p style=\"text-align: right;\"><a href=\"https:\/\/www.thecompliancecenter.com\/ca\/top-12-impactful-hazmat-developments-in-2023-guide\/\">Click here to download the English version<\/a><\/p>\n<h2>Pr\u00e9parez-vous pour 2024 : Conna\u00eetre les changements r\u00e9glementaires et industriels de 2023.<\/h2>\n<p><span data-testid=\"comment-base-item-158055\">\u00c0 l&#8217;aube de 2024, il est essentiel pour votre entreprise de conna\u00eetre les changements r\u00e9glementaires et sectoriels importants de l&#8217;ann\u00e9e \u00e9coul\u00e9e. Les experts en r\u00e9glementation d&#8217;ICC sont fiers de pr\u00e9senter le \u00ab Les 12 principales evolutions en mati\u00e8re dangereuses en 2023 \u00bb, une ressource indispensable pour les entreprises afin de rester au fait des d\u00e9veloppements r\u00e9cents.<\/span><\/p>\n<h2>Points forts de notre guide<\/h2>\n<ul>\n<li>\n<p data-renderer-start-pos=\"1682\"><strong>Derni\u00e8res r\u00e9glementations internationales :<\/strong> D\u00e9couvrez l&#8217;impact de la 22e r\u00e9vision du R\u00e8glement type de l&#8217;ONU sur le transport mondial.<\/p>\n<\/li>\n<li>\n<p data-renderer-start-pos=\"1803\"><strong>Conformit\u00e9 \u00e0 la r\u00e9vision 7 du SGH au Canada :<\/strong> S&#8217;adapter \u00e0 la nouvelle version du R\u00e8glement sur les produits dangereux de Sant\u00e9 Canada.<\/p>\n<\/li>\n<li>\n<p data-renderer-start-pos=\"1907\"><strong>R\u00e9glementation am\u00e9ricaine sur les piles au lithium :<\/strong> Naviguer dans les complexit\u00e9s des nouvelles r\u00e8gles am\u00e9ricaines sur les piles au lithium.<\/p>\n<\/li>\n<li>\n<p data-renderer-start-pos=\"2009\"><strong>Am\u00e9lioration de la s\u00e9curit\u00e9 du transport ferroviaire des marchandises :<\/strong> D\u00e9couvrez les mesures prises par le minist\u00e8re des transports \u00e0 la suite d&#8217;incidents r\u00e9cents et leur incidence sur vos activit\u00e9s.<\/p>\n<\/li>\n<li>\n<p data-renderer-start-pos=\"2129\"><strong>Innovations en mati\u00e8re de transport du courrier dangereux :<\/strong> Comprendre les derni\u00e8res mesures de l&#8217;USPS pour une manutention plus s\u00fbre.<\/p>\n<\/li>\n<li>\n<p data-renderer-start-pos=\"2236\"><strong>Tendances et pr\u00e9visions :<\/strong> Pr\u00e9parez l&#8217;avenir gr\u00e2ce \u00e0 des informations sur les changements r\u00e9glementaires potentiels et les tendances du secteur.<\/p>\n<\/li>\n<\/ul>\n<h2>Donnez \u00e0 votre entreprise les moyens d&#8217;acqu\u00e9rir des connaissances cruciales<\/h2>\n<p>Dans un domaine o\u00f9 la conformit\u00e9 est cruciale pour la r\u00e9ussite et la s\u00e9curit\u00e9, la bonne information est votre outil le plus puissant. Notre guide vous fournit des connaissances et des informations qui vous aideront \u00e0 prendre des d\u00e9cisions \u00e9clair\u00e9es et \u00e0 conserver un avantage concurrentiel en 2024.[\/vc_column_text][\/vc_column][vc_column column_padding=&#8221;no-extra-padding&#8221; column_padding_position=&#8221;all&#8221; background_color_opacity=&#8221;1&#8243; background_hover_color_opacity=&#8221;1&#8243; column_link_target=&#8221;_self&#8221; column_shadow=&#8221;none&#8221; column_border_radius=&#8221;none&#8221; width=&#8221;1\/6&#8243; tablet_width_inherit=&#8221;default&#8221; tablet_text_alignment=&#8221;default&#8221; phone_text_alignment=&#8221;default&#8221; overlay_strength=&#8221;0.3&#8243; column_border_width=&#8221;none&#8221; column_border_style=&#8221;solid&#8221; bg_image_animation=&#8221;none&#8221;][\/vc_column][\/vc_row][vc_row type=&#8221;in_container&#8221; full_screen_row_position=&#8221;middle&#8221; column_margin=&#8221;default&#8221; scene_position=&#8221;center&#8221; text_color=&#8221;dark&#8221; text_align=&#8221;left&#8221; overlay_strength=&#8221;0.3&#8243; shape_divider_position=&#8221;bottom&#8221; bg_image_animation=&#8221;none&#8221;][vc_column column_padding=&#8221;no-extra-padding&#8221; column_padding_position=&#8221;all&#8221; background_color_opacity=&#8221;1&#8243; background_hover_color_opacity=&#8221;1&#8243; column_link_target=&#8221;_self&#8221; column_shadow=&#8221;none&#8221; column_border_radius=&#8221;none&#8221; width=&#8221;1\/6&#8243; tablet_width_inherit=&#8221;default&#8221; tablet_text_alignment=&#8221;default&#8221; phone_text_alignment=&#8221;default&#8221; overlay_strength=&#8221;0.3&#8243; column_border_width=&#8221;none&#8221; column_border_style=&#8221;solid&#8221; bg_image_animation=&#8221;none&#8221;][\/vc_column][vc_column column_padding=&#8221;no-extra-padding&#8221; column_padding_position=&#8221;all&#8221; background_color_opacity=&#8221;1&#8243; background_hover_color_opacity=&#8221;1&#8243; column_link_target=&#8221;_self&#8221; column_shadow=&#8221;none&#8221; column_border_radius=&#8221;none&#8221; width=&#8221;2\/3&#8243; tablet_width_inherit=&#8221;default&#8221; tablet_text_alignment=&#8221;default&#8221; phone_text_alignment=&#8221;default&#8221; overlay_strength=&#8221;0.3&#8243; column_border_width=&#8221;none&#8221; column_border_style=&#8221;solid&#8221; bg_image_animation=&#8221;none&#8221;][vc_column_text]\n<h2>T\u00e9l\u00e9chargez-le maintenant et prenez des mesures proactives pour am\u00e9liorer la conformit\u00e9 et la s\u00e9curit\u00e9 !<\/h2>\n[\/vc_column_text][vc_raw_html el_class=&#8221;hub-form&#8221;]JTNDc2NyaXB0JTIwY2hhcnNldCUzRCUyMnV0Zi04JTIyJTIwdHlwZSUzRCUyMnRleHQlMkZqYXZhc2NyaXB0JTIyJTIwc3JjJTNEJTIyJTJGJTJGanMuaHNmb3Jtcy5uZXQlMkZmb3JtcyUyRmVtYmVkJTJGdjIuanMlMjIlM0UlM0MlMkZzY3JpcHQlM0UlMEElM0NzY3JpcHQlM0UlMEElMjAlMjBoYnNwdC5mb3Jtcy5jcmVhdGUlMjglN0IlMEElMjAlMjAlMjAlMjByZWdpb24lM0ElMjAlMjJuYTElMjIlMkMlMEElMjAlMjAlMjAlMjBwb3J0YWxJZCUzQSUyMCUyMjY5NjUxMTIlMjIlMkMlMEElMjAlMjAlMjAlMjBmb3JtSWQlM0ElMjAlMjIwYWZjZWJiNS02NzI1LTRhYmQtOGYwNS1jOWY1MzQwNGM3MTQlMjIlMEElMjAlMjAlN0QlMjklM0IlMEElM0MlMkZzY3JpcHQlM0U=[\/vc_raw_html][\/vc_column][vc_column column_padding=&#8221;no-extra-padding&#8221; column_padding_position=&#8221;all&#8221; background_color_opacity=&#8221;1&#8243; background_hover_color_opacity=&#8221;1&#8243; column_link_target=&#8221;_self&#8221; column_shadow=&#8221;none&#8221; column_border_radius=&#8221;none&#8221; width=&#8221;1\/6&#8243; tablet_width_inherit=&#8221;default&#8221; tablet_text_alignment=&#8221;default&#8221; phone_text_alignment=&#8221;default&#8221; overlay_strength=&#8221;0.3&#8243; column_border_width=&#8221;none&#8221; column_border_style=&#8221;solid&#8221; bg_image_animation=&#8221;none&#8221;][\/vc_column][\/vc_row]\n","protected":false},"excerpt":{"rendered":"<p>[vc_row type=&#8221;full_width_background&#8221; full_screen_row_position=&#8221;middle&#8221; column_margin=&#8221;default&#8221; bg_image=&#8221;881499&#8243; bg_position=&#8221;center top&#8221; bg_repeat=&#8221;no-repeat&#8221; scene_position=&#8221;center&#8221; text_color=&#8221;light&#8221; text_align=&#8221;center&#8221; top_padding=&#8221;100&#8243; bottom_padding=&#8221;140&#8243; color_overlay=&#8221;#000000&#8243; overlay_strength=&#8221;0.5&#8243; shape_divider_position=&#8221;bottom&#8221; bg_image_animation=&#8221;none&#8221; shape_type=&#8221;&#8221;][vc_column column_padding=&#8221;no-extra-padding&#8221; column_padding_position=&#8221;all&#8221;&#8230;<\/p>\n","protected":false},"author":12589,"featured_media":0,"parent":0,"menu_order":0,"comment_status":"closed","ping_status":"closed","template":"","meta":{"_acf_changed":false,"content-type":"","footnotes":""},"class_list":["post-881929","page","type-page","status-publish"],"acf":[],"yoast_head":"<!-- This site is optimized with the Yoast SEO plugin v27.4 - https:\/\/yoast.com\/product\/yoast-seo-wordpress\/ -->\n<title>Les 12 principales evolutions en mati\u00e8re dangereuses en 2023 | ICC<\/title>\n<meta name=\"description\" content=\"Pr\u00e9parez votre entreprise pour 2024 avec notre guide d\u00e9taill\u00e9 sur les principaux d\u00e9veloppements en mati\u00e8re de mati\u00e8res dangereuses \u00e0 partir de 2023. T\u00e9l\u00e9chargez-le d\u00e8s maintenant pour b\u00e9n\u00e9ficier de conseils d&#039;experts !\" \/>\n<meta name=\"robots\" content=\"index, follow, max-snippet:-1, max-image-preview:large, max-video-preview:-1\" \/>\n<link rel=\"canonical\" href=\"\/ca\/wp-json\/wp\/v2\/pages\/881929\" \/>\n<meta property=\"og:locale\" content=\"en_US\" \/>\n<meta property=\"og:type\" content=\"article\" \/>\n<meta property=\"og:title\" content=\"Les 12 principales evolutions en mati\u00e8re dangereuses en 2023 | ICC\" \/>\n<meta property=\"og:description\" content=\"Pr\u00e9parez votre entreprise pour 2024 avec notre guide d\u00e9taill\u00e9 sur les principaux d\u00e9veloppements en mati\u00e8re de mati\u00e8res dangereuses \u00e0 partir de 2023. T\u00e9l\u00e9chargez-le d\u00e8s maintenant pour b\u00e9n\u00e9ficier de conseils d&#039;experts !\" \/>\n<meta property=\"og:url\" content=\"https:\/\/www.thecompliancecenter.com\/ca\/top-12-impactful-hazmat-developments-in-2023-guide-fr\/\" \/>\n<meta property=\"og:site_name\" content=\"ICC Compliance Center Inc - Canada\" \/>\n<meta property=\"article:publisher\" content=\"https:\/\/www.facebook.com\/compliancecenter\" \/>\n<meta property=\"article:modified_time\" content=\"2024-04-17T21:08:06+00:00\" \/>\n<meta name=\"twitter:card\" content=\"summary_large_image\" \/>\n<meta name=\"twitter:site\" content=\"@ICC_Compliance\" \/>\n<meta name=\"twitter:label1\" content=\"Est. reading time\" \/>\n\t<meta name=\"twitter:data1\" content=\"2 minutes\" \/>\n<script type=\"application\/ld+json\" class=\"yoast-schema-graph\">{\"@context\":\"https:\\\/\\\/schema.org\",\"@graph\":[{\"@type\":\"WebPage\",\"@id\":\"https:\\\/\\\/www.thecompliancecenter.com\\\/ca\\\/top-12-impactful-hazmat-developments-in-2023-guide-fr\\\/\",\"url\":\"https:\\\/\\\/www.thecompliancecenter.com\\\/ca\\\/top-12-impactful-hazmat-developments-in-2023-guide-fr\\\/\",\"name\":\"Les 12 principales evolutions en mati\u00e8re dangereuses en 2023 | ICC\",\"isPartOf\":{\"@id\":\"https:\\\/\\\/www.thecompliancecenter.com\\\/ca\\\/#website\"},\"datePublished\":\"2024-04-16T17:06:46+00:00\",\"dateModified\":\"2024-04-17T21:08:06+00:00\",\"description\":\"Pr\u00e9parez votre entreprise pour 2024 avec notre guide d\u00e9taill\u00e9 sur les principaux d\u00e9veloppements en mati\u00e8re de mati\u00e8res dangereuses \u00e0 partir de 2023. T\u00e9l\u00e9chargez-le d\u00e8s maintenant pour b\u00e9n\u00e9ficier de conseils d'experts !\",\"breadcrumb\":{\"@id\":\"https:\\\/\\\/www.thecompliancecenter.com\\\/ca\\\/top-12-impactful-hazmat-developments-in-2023-guide-fr\\\/#breadcrumb\"},\"inLanguage\":\"en-CA\",\"potentialAction\":[{\"@type\":\"ReadAction\",\"target\":[\"https:\\\/\\\/www.thecompliancecenter.com\\\/ca\\\/top-12-impactful-hazmat-developments-in-2023-guide-fr\\\/\"]}]},{\"@type\":\"BreadcrumbList\",\"@id\":\"https:\\\/\\\/www.thecompliancecenter.com\\\/ca\\\/top-12-impactful-hazmat-developments-in-2023-guide-fr\\\/#breadcrumb\",\"itemListElement\":[{\"@type\":\"ListItem\",\"position\":1,\"name\":\"Home\",\"item\":\"https:\\\/\\\/www.thecompliancecenter.com\\\/ca\\\/\"},{\"@type\":\"ListItem\",\"position\":2,\"name\":\"Top 12 Impactful HazMat Developments in 2023 Guide &#8211; French\"}]},{\"@type\":\"WebSite\",\"@id\":\"https:\\\/\\\/www.thecompliancecenter.com\\\/ca\\\/#website\",\"url\":\"https:\\\/\\\/www.thecompliancecenter.com\\\/ca\\\/\",\"name\":\"ICC Compliance Center Inc - Canada\",\"description\":\"Hazmat Regulations Experts\",\"publisher\":{\"@id\":\"https:\\\/\\\/www.thecompliancecenter.com\\\/ca\\\/#organization\"},\"potentialAction\":[{\"@type\":\"SearchAction\",\"target\":{\"@type\":\"EntryPoint\",\"urlTemplate\":\"https:\\\/\\\/www.thecompliancecenter.com\\\/ca\\\/?s={search_term_string}\"},\"query-input\":{\"@type\":\"PropertyValueSpecification\",\"valueRequired\":true,\"valueName\":\"search_term_string\"}}],\"inLanguage\":\"en-CA\"},{\"@type\":\"Organization\",\"@id\":\"https:\\\/\\\/www.thecompliancecenter.com\\\/ca\\\/#organization\",\"name\":\"ICC Compliance Center\",\"url\":\"https:\\\/\\\/www.thecompliancecenter.com\\\/ca\\\/\",\"logo\":{\"@type\":\"ImageObject\",\"inLanguage\":\"en-CA\",\"@id\":\"https:\\\/\\\/www.thecompliancecenter.com\\\/ca\\\/#\\\/schema\\\/logo\\\/image\\\/\",\"url\":\"https:\\\/\\\/www.thecompliancecenter.com\\\/ca\\\/wp-content\\\/uploads\\\/sites\\\/4\\\/2020\\\/04\\\/icc-compliance-center.png\",\"contentUrl\":\"https:\\\/\\\/www.thecompliancecenter.com\\\/ca\\\/wp-content\\\/uploads\\\/sites\\\/4\\\/2020\\\/04\\\/icc-compliance-center.png\",\"width\":500,\"height\":120,\"caption\":\"ICC Compliance Center\"},\"image\":{\"@id\":\"https:\\\/\\\/www.thecompliancecenter.com\\\/ca\\\/#\\\/schema\\\/logo\\\/image\\\/\"},\"sameAs\":[\"https:\\\/\\\/www.facebook.com\\\/compliancecenter\",\"https:\\\/\\\/x.com\\\/ICC_Compliance\",\"https:\\\/\\\/www.youtube.com\\\/user\\\/icccompliancecenter\"]}]}<\/script>\n<!-- \/ Yoast SEO plugin. -->","yoast_head_json":{"title":"Les 12 principales evolutions en mati\u00e8re dangereuses en 2023 | ICC","description":"Pr\u00e9parez votre entreprise pour 2024 avec notre guide d\u00e9taill\u00e9 sur les principaux d\u00e9veloppements en mati\u00e8re de mati\u00e8res dangereuses \u00e0 partir de 2023. T\u00e9l\u00e9chargez-le d\u00e8s maintenant pour b\u00e9n\u00e9ficier de conseils d'experts !","robots":{"index":"index","follow":"follow","max-snippet":"max-snippet:-1","max-image-preview":"max-image-preview:large","max-video-preview":"max-video-preview:-1"},"canonical":"\/ca\/wp-json\/wp\/v2\/pages\/881929","og_locale":"en_US","og_type":"article","og_title":"Les 12 principales evolutions en mati\u00e8re dangereuses en 2023 | ICC","og_description":"Pr\u00e9parez votre entreprise pour 2024 avec notre guide d\u00e9taill\u00e9 sur les principaux d\u00e9veloppements en mati\u00e8re de mati\u00e8res dangereuses \u00e0 partir de 2023. T\u00e9l\u00e9chargez-le d\u00e8s maintenant pour b\u00e9n\u00e9ficier de conseils d'experts !","og_url":"https:\/\/www.thecompliancecenter.com\/ca\/top-12-impactful-hazmat-developments-in-2023-guide-fr\/","og_site_name":"ICC Compliance Center Inc - Canada","article_publisher":"https:\/\/www.facebook.com\/compliancecenter","article_modified_time":"2024-04-17T21:08:06+00:00","twitter_card":"summary_large_image","twitter_site":"@ICC_Compliance","twitter_misc":{"Est. reading time":"2 minutes"},"schema":{"@context":"https:\/\/schema.org","@graph":[{"@type":"WebPage","@id":"https:\/\/www.thecompliancecenter.com\/ca\/top-12-impactful-hazmat-developments-in-2023-guide-fr\/","url":"https:\/\/www.thecompliancecenter.com\/ca\/top-12-impactful-hazmat-developments-in-2023-guide-fr\/","name":"Les 12 principales evolutions en mati\u00e8re dangereuses en 2023 | ICC","isPartOf":{"@id":"https:\/\/www.thecompliancecenter.com\/ca\/#website"},"datePublished":"2024-04-16T17:06:46+00:00","dateModified":"2024-04-17T21:08:06+00:00","description":"Pr\u00e9parez votre entreprise pour 2024 avec notre guide d\u00e9taill\u00e9 sur les principaux d\u00e9veloppements en mati\u00e8re de mati\u00e8res dangereuses \u00e0 partir de 2023. T\u00e9l\u00e9chargez-le d\u00e8s maintenant pour b\u00e9n\u00e9ficier de conseils d'experts !","breadcrumb":{"@id":"https:\/\/www.thecompliancecenter.com\/ca\/top-12-impactful-hazmat-developments-in-2023-guide-fr\/#breadcrumb"},"inLanguage":"en-CA","potentialAction":[{"@type":"ReadAction","target":["https:\/\/www.thecompliancecenter.com\/ca\/top-12-impactful-hazmat-developments-in-2023-guide-fr\/"]}]},{"@type":"BreadcrumbList","@id":"https:\/\/www.thecompliancecenter.com\/ca\/top-12-impactful-hazmat-developments-in-2023-guide-fr\/#breadcrumb","itemListElement":[{"@type":"ListItem","position":1,"name":"Home","item":"https:\/\/www.thecompliancecenter.com\/ca\/"},{"@type":"ListItem","position":2,"name":"Top 12 Impactful HazMat Developments in 2023 Guide &#8211; French"}]},{"@type":"WebSite","@id":"https:\/\/www.thecompliancecenter.com\/ca\/#website","url":"https:\/\/www.thecompliancecenter.com\/ca\/","name":"ICC Compliance Center Inc - Canada","description":"Hazmat Regulations Experts","publisher":{"@id":"https:\/\/www.thecompliancecenter.com\/ca\/#organization"},"potentialAction":[{"@type":"SearchAction","target":{"@type":"EntryPoint","urlTemplate":"https:\/\/www.thecompliancecenter.com\/ca\/?s={search_term_string}"},"query-input":{"@type":"PropertyValueSpecification","valueRequired":true,"valueName":"search_term_string"}}],"inLanguage":"en-CA"},{"@type":"Organization","@id":"https:\/\/www.thecompliancecenter.com\/ca\/#organization","name":"ICC Compliance Center","url":"https:\/\/www.thecompliancecenter.com\/ca\/","logo":{"@type":"ImageObject","inLanguage":"en-CA","@id":"https:\/\/www.thecompliancecenter.com\/ca\/#\/schema\/logo\/image\/","url":"https:\/\/www.thecompliancecenter.com\/ca\/wp-content\/uploads\/sites\/4\/2020\/04\/icc-compliance-center.png","contentUrl":"https:\/\/www.thecompliancecenter.com\/ca\/wp-content\/uploads\/sites\/4\/2020\/04\/icc-compliance-center.png","width":500,"height":120,"caption":"ICC Compliance Center"},"image":{"@id":"https:\/\/www.thecompliancecenter.com\/ca\/#\/schema\/logo\/image\/"},"sameAs":["https:\/\/www.facebook.com\/compliancecenter","https:\/\/x.com\/ICC_Compliance","https:\/\/www.youtube.com\/user\/icccompliancecenter"]}]}},"_links":{"self":[{"href":"https:\/\/www.thecompliancecenter.com\/ca\/wp-json\/wp\/v2\/pages\/881929","targetHints":{"allow":["GET"]}}],"collection":[{"href":"https:\/\/www.thecompliancecenter.com\/ca\/wp-json\/wp\/v2\/pages"}],"about":[{"href":"https:\/\/www.thecompliancecenter.com\/ca\/wp-json\/wp\/v2\/types\/page"}],"author":[{"embeddable":true,"href":"https:\/\/www.thecompliancecenter.com\/ca\/wp-json\/wp\/v2\/users\/12589"}],"replies":[{"embeddable":true,"href":"https:\/\/www.thecompliancecenter.com\/ca\/wp-json\/wp\/v2\/comments?post=881929"}],"version-history":[{"count":0,"href":"https:\/\/www.thecompliancecenter.com\/ca\/wp-json\/wp\/v2\/pages\/881929\/revisions"}],"wp:attachment":[{"href":"https:\/\/www.thecompliancecenter.com\/ca\/wp-json\/wp\/v2\/media?parent=881929"}],"curies":[{"name":"wp","href":"https:\/\/api.w.org\/{rel}","templated":true}]}}