{"id":882989,"date":"2024-10-07T12:54:50","date_gmt":"2024-10-07T16:54:50","guid":{"rendered":"https:\/\/www.thecompliancecenter.com\/ca\/?page_id=882989"},"modified":"2024-10-08T16:01:59","modified_gmt":"2024-10-08T20:01:59","slug":"iata-dangerous-goods-2025-changes","status":"publish","type":"page","link":"https:\/\/www.thecompliancecenter.com\/ca\/iata-dangerous-goods-2025-changes\/","title":{"rendered":"IATA Dangerous Goods Regulation Changes in 2025"},"content":{"rendered":"[vc_row type=&#8221;full_width_background&#8221; full_screen_row_position=&#8221;middle&#8221; column_margin=&#8221;default&#8221; bg_image=&#8221;882705&#8243; bg_position=&#8221;center top&#8221; bg_repeat=&#8221;no-repeat&#8221; scene_position=&#8221;center&#8221; text_color=&#8221;light&#8221; text_align=&#8221;center&#8221; top_padding=&#8221;100&#8243; bottom_padding=&#8221;140&#8243; color_overlay=&#8221;#000000&#8243; overlay_strength=&#8221;0.5&#8243; shape_divider_position=&#8221;bottom&#8221; bg_image_animation=&#8221;none&#8221; shape_type=&#8221;&#8221;][vc_column column_padding=&#8221;no-extra-padding&#8221; column_padding_position=&#8221;all&#8221; background_color_opacity=&#8221;1&#8243; background_hover_color_opacity=&#8221;1&#8243; column_link_target=&#8221;_self&#8221; column_shadow=&#8221;none&#8221; column_border_radius=&#8221;none&#8221; width=&#8221;1\/1&#8243; tablet_width_inherit=&#8221;default&#8221; tablet_text_alignment=&#8221;default&#8221; phone_text_alignment=&#8221;default&#8221; color_overlay=&#8221;#000000&#8243; overlay_strength=&#8221;0.5&#8243; column_border_width=&#8221;none&#8221; column_border_style=&#8221;solid&#8221; bg_image_animation=&#8221;none&#8221;][vc_column_text][\/vc_column_text][\/vc_column][\/vc_row][vc_row type=&#8221;in_container&#8221; full_screen_row_position=&#8221;middle&#8221; column_margin=&#8221;default&#8221; scene_position=&#8221;center&#8221; text_color=&#8221;dark&#8221; text_align=&#8221;left&#8221; translate_y=&#8221;-72px&#8221; zindex=&#8221;9999&#8243; overlay_strength=&#8221;0.3&#8243; shape_divider_position=&#8221;bottom&#8221; bg_image_animation=&#8221;none&#8221; shape_type=&#8221;&#8221;][vc_column column_padding=&#8221;no-extra-padding&#8221; column_padding_position=&#8221;all&#8221; background_color_opacity=&#8221;1&#8243; background_hover_color_opacity=&#8221;1&#8243; column_link_target=&#8221;_self&#8221; column_shadow=&#8221;none&#8221; column_border_radius=&#8221;none&#8221; width=&#8221;1\/6&#8243; tablet_width_inherit=&#8221;default&#8221; tablet_text_alignment=&#8221;default&#8221; phone_text_alignment=&#8221;default&#8221; overlay_strength=&#8221;0.3&#8243; column_border_width=&#8221;none&#8221; column_border_style=&#8221;solid&#8221; bg_image_animation=&#8221;none&#8221;][\/vc_column][vc_column column_padding=&#8221;padding-4-percent&#8221; column_padding_position=&#8221;all&#8221; background_color=&#8221;#ffffff&#8221; background_color_opacity=&#8221;1&#8243; background_hover_color_opacity=&#8221;1&#8243; column_link_target=&#8221;_self&#8221; column_shadow=&#8221;small_depth&#8221; column_border_radius=&#8221;10px&#8221; width=&#8221;2\/3&#8243; tablet_width_inherit=&#8221;default&#8221; tablet_text_alignment=&#8221;default&#8221; phone_text_alignment=&#8221;default&#8221; overlay_strength=&#8221;0.3&#8243; column_border_width=&#8221;none&#8221; bg_image_animation=&#8221;none&#8221;][vc_column_text]\n<p style=\"text-align: right;\"><a href=\"https:\/\/www.thecompliancecenter.com\/ca\/fr-iata-dangerous-goods-regulation-changes-in-2025\/\">Cliquez ici pour t\u00e9l\u00e9charger la version fran\u00e7aise<\/a><\/p>\n<h1>Get Ready for the IATA Dangerous Goods Regulation Changes in 2025<\/h1>\n<p><img loading=\"lazy\" decoding=\"async\" class=\"size-full wp-image-882992 alignright\" src=\"https:\/\/www.thecompliancecenter.com\/ca\/wp-content\/uploads\/sites\/4\/2024\/10\/IATA2025_NewRules-e1728329611692.png\" alt=\"\" width=\"250\" height=\"245\" \/>Starting January 1st, 2025, the International Air Transport Association (IATA) will implement important updates to the Dangerous Goods Regulations (DGR). These changes are crucial for ensuring the safe transport of hazardous materials, especially for businesses shipping batteries, vehicles, and new energy technologies.<\/p>\n<p>The 2025 regulations introduce new classifications for sodium-ion batteries, battery-powered vehicles, and several other items. Sodium-ion batteries, in particular, are expected to be a game-changer for energy storage, offering advantages like lower costs and longer life cycles. Make sure your shipments comply by understanding these new classifications and packaging requirements.<\/p>\n<p>Staying informed now will help you avoid compliance issues and ensure your shipments are ready for the new year. Don\u2019t get caught off guard\u2014stay ahead with the latest IATA DGR insights.[\/vc_column_text][\/vc_column][vc_column column_padding=&#8221;no-extra-padding&#8221; column_padding_position=&#8221;all&#8221; background_color_opacity=&#8221;1&#8243; background_hover_color_opacity=&#8221;1&#8243; column_link_target=&#8221;_self&#8221; column_shadow=&#8221;none&#8221; column_border_radius=&#8221;none&#8221; width=&#8221;1\/6&#8243; tablet_width_inherit=&#8221;default&#8221; tablet_text_alignment=&#8221;default&#8221; phone_text_alignment=&#8221;default&#8221; overlay_strength=&#8221;0.3&#8243; column_border_width=&#8221;none&#8221; column_border_style=&#8221;solid&#8221; bg_image_animation=&#8221;none&#8221;][\/vc_column][\/vc_row][vc_row type=&#8221;in_container&#8221; full_screen_row_position=&#8221;middle&#8221; column_margin=&#8221;default&#8221; scene_position=&#8221;center&#8221; text_color=&#8221;dark&#8221; text_align=&#8221;left&#8221; overlay_strength=&#8221;0.3&#8243; shape_divider_position=&#8221;bottom&#8221; bg_image_animation=&#8221;none&#8221;][vc_column column_padding=&#8221;no-extra-padding&#8221; column_padding_position=&#8221;all&#8221; background_color_opacity=&#8221;1&#8243; background_hover_color_opacity=&#8221;1&#8243; column_link_target=&#8221;_self&#8221; column_shadow=&#8221;none&#8221; column_border_radius=&#8221;none&#8221; width=&#8221;1\/6&#8243; tablet_width_inherit=&#8221;default&#8221; tablet_text_alignment=&#8221;default&#8221; phone_text_alignment=&#8221;default&#8221; overlay_strength=&#8221;0.3&#8243; column_border_width=&#8221;none&#8221; column_border_style=&#8221;solid&#8221; bg_image_animation=&#8221;none&#8221;][\/vc_column][vc_column column_padding=&#8221;no-extra-padding&#8221; column_padding_position=&#8221;all&#8221; background_color_opacity=&#8221;1&#8243; background_hover_color_opacity=&#8221;1&#8243; column_link_target=&#8221;_self&#8221; column_shadow=&#8221;none&#8221; column_border_radius=&#8221;none&#8221; width=&#8221;2\/3&#8243; tablet_width_inherit=&#8221;default&#8221; tablet_text_alignment=&#8221;default&#8221; phone_text_alignment=&#8221;default&#8221; overlay_strength=&#8221;0.3&#8243; column_border_width=&#8221;none&#8221; column_border_style=&#8221;solid&#8221; bg_image_animation=&#8221;none&#8221;][vc_column_text]\n<h2>Download Now and Take a Proactive Step Towards Enhanced Compliance and Safety!<\/h2>\n[\/vc_column_text][vc_raw_html el_class=&#8221;hub-form&#8221;]JTNDc2NyaXB0JTIwY2hhcnNldCUzRCUyMnV0Zi04JTIyJTIwdHlwZSUzRCUyMnRleHQlMkZqYXZhc2NyaXB0JTIyJTIwc3JjJTNEJTIyJTJGJTJGanMuaHNmb3Jtcy5uZXQlMkZmb3JtcyUyRmVtYmVkJTJGdjIuanMlMjIlM0UlM0MlMkZzY3JpcHQlM0UlMEElM0NzY3JpcHQlM0UlMEElMjAlMjBoYnNwdC5mb3Jtcy5jcmVhdGUlMjglN0IlMEElMjAlMjAlMjAlMjByZWdpb24lM0ElMjAlMjJuYTElMjIlMkMlMEElMjAlMjAlMjAlMjBwb3J0YWxJZCUzQSUyMCUyMjY5NjUxMTIlMjIlMkMlMEElMjAlMjAlMjAlMjBmb3JtSWQlM0ElMjAlMjIzZjc5ZWZmZi05NGI1LTRkOWUtOTAwMy1kMGZkOGFkZmVjZjQlMjIlMEElMjAlMjAlN0QlMjklM0IlMEElM0MlMkZzY3JpcHQlM0U=[\/vc_raw_html][\/vc_column][vc_column column_padding=&#8221;no-extra-padding&#8221; column_padding_position=&#8221;all&#8221; background_color_opacity=&#8221;1&#8243; background_hover_color_opacity=&#8221;1&#8243; column_link_target=&#8221;_self&#8221; column_shadow=&#8221;none&#8221; column_border_radius=&#8221;none&#8221; width=&#8221;1\/6&#8243; tablet_width_inherit=&#8221;default&#8221; tablet_text_alignment=&#8221;default&#8221; phone_text_alignment=&#8221;default&#8221; overlay_strength=&#8221;0.3&#8243; column_border_width=&#8221;none&#8221; column_border_style=&#8221;solid&#8221; bg_image_animation=&#8221;none&#8221;][\/vc_column][\/vc_row]\n","protected":false},"excerpt":{"rendered":"<p>[vc_row type=&#8221;full_width_background&#8221; full_screen_row_position=&#8221;middle&#8221; column_margin=&#8221;default&#8221; bg_image=&#8221;882705&#8243; bg_position=&#8221;center top&#8221; bg_repeat=&#8221;no-repeat&#8221; scene_position=&#8221;center&#8221; text_color=&#8221;light&#8221; text_align=&#8221;center&#8221; top_padding=&#8221;100&#8243; bottom_padding=&#8221;140&#8243; color_overlay=&#8221;#000000&#8243; overlay_strength=&#8221;0.5&#8243; shape_divider_position=&#8221;bottom&#8221; bg_image_animation=&#8221;none&#8221; shape_type=&#8221;&#8221;][vc_column column_padding=&#8221;no-extra-padding&#8221; column_padding_position=&#8221;all&#8221;&#8230;<\/p>\n","protected":false},"author":12589,"featured_media":0,"parent":0,"menu_order":0,"comment_status":"closed","ping_status":"closed","template":"","meta":{"_acf_changed":false,"content-type":"","footnotes":""},"class_list":["post-882989","page","type-page","status-publish"],"acf":[],"yoast_head":"<!-- This site is optimized with the Yoast SEO plugin v27.6 - https:\/\/yoast.com\/product\/yoast-seo-wordpress\/ -->\n<title>IATA Dangerous Goods Regulation Changes in 2025 | ICC<\/title>\n<meta name=\"description\" content=\"Stay informed with IATA DGR 2025 updates. Get the latest insights to prepare your shipments and stay ahead of potential regulatory changes.\" \/>\n<meta name=\"robots\" content=\"index, follow, max-snippet:-1, max-image-preview:large, max-video-preview:-1\" \/>\n<link rel=\"canonical\" href=\"\/ca\/wp-json\/wp\/v2\/pages\/882989\" \/>\n<meta property=\"og:locale\" content=\"en_US\" \/>\n<meta property=\"og:type\" content=\"article\" \/>\n<meta property=\"og:title\" content=\"IATA Dangerous Goods Regulation Changes in 2025 | ICC\" \/>\n<meta property=\"og:description\" content=\"Stay informed with IATA DGR 2025 updates. Get the latest insights to prepare your shipments and stay ahead of potential regulatory changes.\" \/>\n<meta property=\"og:url\" content=\"https:\/\/www.thecompliancecenter.com\/ca\/iata-dangerous-goods-2025-changes\/\" \/>\n<meta property=\"og:site_name\" content=\"ICC Compliance Center Inc - Canada\" \/>\n<meta property=\"article:publisher\" content=\"https:\/\/www.facebook.com\/compliancecenter\" \/>\n<meta property=\"article:modified_time\" content=\"2024-10-08T20:01:59+00:00\" \/>\n<meta property=\"og:image\" content=\"https:\/\/www.thecompliancecenter.com\/ca\/wp-content\/uploads\/sites\/4\/2024\/10\/IATA2025_NewRules-e1728329611692.png\" \/>\n<meta name=\"twitter:card\" content=\"summary_large_image\" \/>\n<meta name=\"twitter:site\" content=\"@ICC_Compliance\" \/>\n<meta name=\"twitter:label1\" content=\"Est. reading time\" \/>\n\t<meta name=\"twitter:data1\" content=\"2 minutes\" \/>\n<script type=\"application\/ld+json\" class=\"yoast-schema-graph\">{\"@context\":\"https:\\\/\\\/schema.org\",\"@graph\":[{\"@type\":\"WebPage\",\"@id\":\"https:\\\/\\\/www.thecompliancecenter.com\\\/ca\\\/iata-dangerous-goods-2025-changes\\\/\",\"url\":\"https:\\\/\\\/www.thecompliancecenter.com\\\/ca\\\/iata-dangerous-goods-2025-changes\\\/\",\"name\":\"IATA Dangerous Goods Regulation Changes in 2025 | ICC\",\"isPartOf\":{\"@id\":\"https:\\\/\\\/www.thecompliancecenter.com\\\/ca\\\/#website\"},\"primaryImageOfPage\":{\"@id\":\"https:\\\/\\\/www.thecompliancecenter.com\\\/ca\\\/iata-dangerous-goods-2025-changes\\\/#primaryimage\"},\"image\":{\"@id\":\"https:\\\/\\\/www.thecompliancecenter.com\\\/ca\\\/iata-dangerous-goods-2025-changes\\\/#primaryimage\"},\"thumbnailUrl\":\"https:\\\/\\\/www.thecompliancecenter.com\\\/ca\\\/wp-content\\\/uploads\\\/sites\\\/4\\\/2024\\\/10\\\/IATA2025_NewRules-e1728329611692.png\",\"datePublished\":\"2024-10-07T16:54:50+00:00\",\"dateModified\":\"2024-10-08T20:01:59+00:00\",\"description\":\"Stay informed with IATA DGR 2025 updates. Get the latest insights to prepare your shipments and stay ahead of potential regulatory changes.\",\"breadcrumb\":{\"@id\":\"https:\\\/\\\/www.thecompliancecenter.com\\\/ca\\\/iata-dangerous-goods-2025-changes\\\/#breadcrumb\"},\"inLanguage\":\"en-CA\",\"potentialAction\":[{\"@type\":\"ReadAction\",\"target\":[\"https:\\\/\\\/www.thecompliancecenter.com\\\/ca\\\/iata-dangerous-goods-2025-changes\\\/\"]}]},{\"@type\":\"ImageObject\",\"inLanguage\":\"en-CA\",\"@id\":\"https:\\\/\\\/www.thecompliancecenter.com\\\/ca\\\/iata-dangerous-goods-2025-changes\\\/#primaryimage\",\"url\":\"https:\\\/\\\/www.thecompliancecenter.com\\\/ca\\\/wp-content\\\/uploads\\\/sites\\\/4\\\/2024\\\/10\\\/IATA2025_Guides-e1728320265601.png\",\"contentUrl\":\"https:\\\/\\\/www.thecompliancecenter.com\\\/ca\\\/wp-content\\\/uploads\\\/sites\\\/4\\\/2024\\\/10\\\/IATA2025_Guides-e1728320265601.png\",\"width\":250,\"height\":245},{\"@type\":\"BreadcrumbList\",\"@id\":\"https:\\\/\\\/www.thecompliancecenter.com\\\/ca\\\/iata-dangerous-goods-2025-changes\\\/#breadcrumb\",\"itemListElement\":[{\"@type\":\"ListItem\",\"position\":1,\"name\":\"Home\",\"item\":\"https:\\\/\\\/www.thecompliancecenter.com\\\/ca\\\/\"},{\"@type\":\"ListItem\",\"position\":2,\"name\":\"IATA Dangerous Goods Regulation Changes in 2025\"}]},{\"@type\":\"WebSite\",\"@id\":\"https:\\\/\\\/www.thecompliancecenter.com\\\/ca\\\/#website\",\"url\":\"https:\\\/\\\/www.thecompliancecenter.com\\\/ca\\\/\",\"name\":\"ICC Compliance Center Inc - Canada\",\"description\":\"Hazmat Regulations Experts\",\"publisher\":{\"@id\":\"https:\\\/\\\/www.thecompliancecenter.com\\\/ca\\\/#organization\"},\"potentialAction\":[{\"@type\":\"SearchAction\",\"target\":{\"@type\":\"EntryPoint\",\"urlTemplate\":\"https:\\\/\\\/www.thecompliancecenter.com\\\/ca\\\/?s={search_term_string}\"},\"query-input\":{\"@type\":\"PropertyValueSpecification\",\"valueRequired\":true,\"valueName\":\"search_term_string\"}}],\"inLanguage\":\"en-CA\"},{\"@type\":\"Organization\",\"@id\":\"https:\\\/\\\/www.thecompliancecenter.com\\\/ca\\\/#organization\",\"name\":\"ICC Compliance Center\",\"url\":\"https:\\\/\\\/www.thecompliancecenter.com\\\/ca\\\/\",\"logo\":{\"@type\":\"ImageObject\",\"inLanguage\":\"en-CA\",\"@id\":\"https:\\\/\\\/www.thecompliancecenter.com\\\/ca\\\/#\\\/schema\\\/logo\\\/image\\\/\",\"url\":\"https:\\\/\\\/www.thecompliancecenter.com\\\/ca\\\/wp-content\\\/uploads\\\/sites\\\/4\\\/2020\\\/04\\\/icc-compliance-center.png\",\"contentUrl\":\"https:\\\/\\\/www.thecompliancecenter.com\\\/ca\\\/wp-content\\\/uploads\\\/sites\\\/4\\\/2020\\\/04\\\/icc-compliance-center.png\",\"width\":500,\"height\":120,\"caption\":\"ICC Compliance Center\"},\"image\":{\"@id\":\"https:\\\/\\\/www.thecompliancecenter.com\\\/ca\\\/#\\\/schema\\\/logo\\\/image\\\/\"},\"sameAs\":[\"https:\\\/\\\/www.facebook.com\\\/compliancecenter\",\"https:\\\/\\\/x.com\\\/ICC_Compliance\",\"https:\\\/\\\/www.youtube.com\\\/user\\\/icccompliancecenter\"]}]}<\/script>\n<!-- \/ Yoast SEO plugin. -->","yoast_head_json":{"title":"IATA Dangerous Goods Regulation Changes in 2025 | ICC","description":"Stay informed with IATA DGR 2025 updates. Get the latest insights to prepare your shipments and stay ahead of potential regulatory changes.","robots":{"index":"index","follow":"follow","max-snippet":"max-snippet:-1","max-image-preview":"max-image-preview:large","max-video-preview":"max-video-preview:-1"},"canonical":"\/ca\/wp-json\/wp\/v2\/pages\/882989","og_locale":"en_US","og_type":"article","og_title":"IATA Dangerous Goods Regulation Changes in 2025 | ICC","og_description":"Stay informed with IATA DGR 2025 updates. Get the latest insights to prepare your shipments and stay ahead of potential regulatory changes.","og_url":"https:\/\/www.thecompliancecenter.com\/ca\/iata-dangerous-goods-2025-changes\/","og_site_name":"ICC Compliance Center Inc - Canada","article_publisher":"https:\/\/www.facebook.com\/compliancecenter","article_modified_time":"2024-10-08T20:01:59+00:00","og_image":[{"url":"https:\/\/www.thecompliancecenter.com\/ca\/wp-content\/uploads\/sites\/4\/2024\/10\/IATA2025_NewRules-e1728329611692.png","type":"","width":"","height":""}],"twitter_card":"summary_large_image","twitter_site":"@ICC_Compliance","twitter_misc":{"Est. reading time":"2 minutes"},"schema":{"@context":"https:\/\/schema.org","@graph":[{"@type":"WebPage","@id":"https:\/\/www.thecompliancecenter.com\/ca\/iata-dangerous-goods-2025-changes\/","url":"https:\/\/www.thecompliancecenter.com\/ca\/iata-dangerous-goods-2025-changes\/","name":"IATA Dangerous Goods Regulation Changes in 2025 | ICC","isPartOf":{"@id":"https:\/\/www.thecompliancecenter.com\/ca\/#website"},"primaryImageOfPage":{"@id":"https:\/\/www.thecompliancecenter.com\/ca\/iata-dangerous-goods-2025-changes\/#primaryimage"},"image":{"@id":"https:\/\/www.thecompliancecenter.com\/ca\/iata-dangerous-goods-2025-changes\/#primaryimage"},"thumbnailUrl":"https:\/\/www.thecompliancecenter.com\/ca\/wp-content\/uploads\/sites\/4\/2024\/10\/IATA2025_NewRules-e1728329611692.png","datePublished":"2024-10-07T16:54:50+00:00","dateModified":"2024-10-08T20:01:59+00:00","description":"Stay informed with IATA DGR 2025 updates. Get the latest insights to prepare your shipments and stay ahead of potential regulatory changes.","breadcrumb":{"@id":"https:\/\/www.thecompliancecenter.com\/ca\/iata-dangerous-goods-2025-changes\/#breadcrumb"},"inLanguage":"en-CA","potentialAction":[{"@type":"ReadAction","target":["https:\/\/www.thecompliancecenter.com\/ca\/iata-dangerous-goods-2025-changes\/"]}]},{"@type":"ImageObject","inLanguage":"en-CA","@id":"https:\/\/www.thecompliancecenter.com\/ca\/iata-dangerous-goods-2025-changes\/#primaryimage","url":"https:\/\/www.thecompliancecenter.com\/ca\/wp-content\/uploads\/sites\/4\/2024\/10\/IATA2025_Guides-e1728320265601.png","contentUrl":"https:\/\/www.thecompliancecenter.com\/ca\/wp-content\/uploads\/sites\/4\/2024\/10\/IATA2025_Guides-e1728320265601.png","width":250,"height":245},{"@type":"BreadcrumbList","@id":"https:\/\/www.thecompliancecenter.com\/ca\/iata-dangerous-goods-2025-changes\/#breadcrumb","itemListElement":[{"@type":"ListItem","position":1,"name":"Home","item":"https:\/\/www.thecompliancecenter.com\/ca\/"},{"@type":"ListItem","position":2,"name":"IATA Dangerous Goods Regulation Changes in 2025"}]},{"@type":"WebSite","@id":"https:\/\/www.thecompliancecenter.com\/ca\/#website","url":"https:\/\/www.thecompliancecenter.com\/ca\/","name":"ICC Compliance Center Inc - Canada","description":"Hazmat Regulations Experts","publisher":{"@id":"https:\/\/www.thecompliancecenter.com\/ca\/#organization"},"potentialAction":[{"@type":"SearchAction","target":{"@type":"EntryPoint","urlTemplate":"https:\/\/www.thecompliancecenter.com\/ca\/?s={search_term_string}"},"query-input":{"@type":"PropertyValueSpecification","valueRequired":true,"valueName":"search_term_string"}}],"inLanguage":"en-CA"},{"@type":"Organization","@id":"https:\/\/www.thecompliancecenter.com\/ca\/#organization","name":"ICC Compliance Center","url":"https:\/\/www.thecompliancecenter.com\/ca\/","logo":{"@type":"ImageObject","inLanguage":"en-CA","@id":"https:\/\/www.thecompliancecenter.com\/ca\/#\/schema\/logo\/image\/","url":"https:\/\/www.thecompliancecenter.com\/ca\/wp-content\/uploads\/sites\/4\/2020\/04\/icc-compliance-center.png","contentUrl":"https:\/\/www.thecompliancecenter.com\/ca\/wp-content\/uploads\/sites\/4\/2020\/04\/icc-compliance-center.png","width":500,"height":120,"caption":"ICC Compliance Center"},"image":{"@id":"https:\/\/www.thecompliancecenter.com\/ca\/#\/schema\/logo\/image\/"},"sameAs":["https:\/\/www.facebook.com\/compliancecenter","https:\/\/x.com\/ICC_Compliance","https:\/\/www.youtube.com\/user\/icccompliancecenter"]}]}},"_links":{"self":[{"href":"https:\/\/www.thecompliancecenter.com\/ca\/wp-json\/wp\/v2\/pages\/882989","targetHints":{"allow":["GET"]}}],"collection":[{"href":"https:\/\/www.thecompliancecenter.com\/ca\/wp-json\/wp\/v2\/pages"}],"about":[{"href":"https:\/\/www.thecompliancecenter.com\/ca\/wp-json\/wp\/v2\/types\/page"}],"author":[{"embeddable":true,"href":"https:\/\/www.thecompliancecenter.com\/ca\/wp-json\/wp\/v2\/users\/12589"}],"replies":[{"embeddable":true,"href":"https:\/\/www.thecompliancecenter.com\/ca\/wp-json\/wp\/v2\/comments?post=882989"}],"version-history":[{"count":0,"href":"https:\/\/www.thecompliancecenter.com\/ca\/wp-json\/wp\/v2\/pages\/882989\/revisions"}],"wp:attachment":[{"href":"https:\/\/www.thecompliancecenter.com\/ca\/wp-json\/wp\/v2\/media?parent=882989"}],"curies":[{"name":"wp","href":"https:\/\/api.w.org\/{rel}","templated":true}]}}