{"id":885176,"date":"2025-09-11T11:25:26","date_gmt":"2025-09-11T15:25:26","guid":{"rendered":"https:\/\/www.thecompliancecenter.com\/ca\/?page_id=885176"},"modified":"2025-10-06T17:13:09","modified_gmt":"2025-10-06T21:13:09","slug":"preparez-vous-aux-changements-de-la-reglementation-de-liata-sur-les-marchandises-dangereuses-en-2026","status":"publish","type":"page","link":"https:\/\/www.thecompliancecenter.com\/ca\/preparez-vous-aux-changements-de-la-reglementation-de-liata-sur-les-marchandises-dangereuses-en-2026\/","title":{"rendered":"Pr\u00e9parez-vous aux changements de la r\u00e9glementation de l\u2019IATA sur les marchandises dangereuses en 2026"},"content":{"rendered":"[vc_row type=&#8221;full_width_background&#8221; full_screen_row_position=&#8221;middle&#8221; column_margin=&#8221;default&#8221; bg_image=&#8221;882705&#8243; bg_position=&#8221;center top&#8221; bg_repeat=&#8221;no-repeat&#8221; scene_position=&#8221;center&#8221; text_color=&#8221;light&#8221; text_align=&#8221;center&#8221; top_padding=&#8221;100&#8243; bottom_padding=&#8221;140&#8243; color_overlay=&#8221;#000000&#8243; overlay_strength=&#8221;0.5&#8243; shape_divider_position=&#8221;bottom&#8221; bg_image_animation=&#8221;none&#8221; shape_type=&#8221;&#8221;][vc_column column_padding=&#8221;no-extra-padding&#8221; column_padding_position=&#8221;all&#8221; background_color_opacity=&#8221;1&#8243; background_hover_color_opacity=&#8221;1&#8243; column_link_target=&#8221;_self&#8221; column_shadow=&#8221;none&#8221; column_border_radius=&#8221;none&#8221; width=&#8221;1\/1&#8243; tablet_width_inherit=&#8221;default&#8221; tablet_text_alignment=&#8221;default&#8221; phone_text_alignment=&#8221;default&#8221; color_overlay=&#8221;#000000&#8243; overlay_strength=&#8221;0.5&#8243; column_border_width=&#8221;none&#8221; column_border_style=&#8221;solid&#8221; bg_image_animation=&#8221;none&#8221;][vc_column_text][\/vc_column_text][\/vc_column][\/vc_row][vc_row type=&#8221;in_container&#8221; full_screen_row_position=&#8221;middle&#8221; column_margin=&#8221;default&#8221; scene_position=&#8221;center&#8221; text_color=&#8221;dark&#8221; text_align=&#8221;left&#8221; translate_y=&#8221;-72px&#8221; zindex=&#8221;9999&#8243; overlay_strength=&#8221;0.3&#8243; shape_divider_position=&#8221;bottom&#8221; bg_image_animation=&#8221;none&#8221; shape_type=&#8221;&#8221;][vc_column column_padding=&#8221;no-extra-padding&#8221; column_padding_position=&#8221;all&#8221; background_color_opacity=&#8221;1&#8243; background_hover_color_opacity=&#8221;1&#8243; column_link_target=&#8221;_self&#8221; column_shadow=&#8221;none&#8221; column_border_radius=&#8221;none&#8221; width=&#8221;1\/6&#8243; tablet_width_inherit=&#8221;default&#8221; tablet_text_alignment=&#8221;default&#8221; phone_text_alignment=&#8221;default&#8221; overlay_strength=&#8221;0.3&#8243; column_border_width=&#8221;none&#8221; column_border_style=&#8221;solid&#8221; bg_image_animation=&#8221;none&#8221;][\/vc_column][vc_column column_padding=&#8221;padding-4-percent&#8221; column_padding_position=&#8221;all&#8221; background_color=&#8221;#ffffff&#8221; background_color_opacity=&#8221;1&#8243; background_hover_color_opacity=&#8221;1&#8243; column_link_target=&#8221;_self&#8221; column_shadow=&#8221;small_depth&#8221; column_border_radius=&#8221;10px&#8221; width=&#8221;2\/3&#8243; tablet_width_inherit=&#8221;default&#8221; tablet_text_alignment=&#8221;default&#8221; phone_text_alignment=&#8221;default&#8221; overlay_strength=&#8221;0.3&#8243; column_border_width=&#8221;none&#8221; bg_image_animation=&#8221;none&#8221;][vc_column_text]\n<p style=\"text-align: right;\"><a href=\"https:\/\/www.thecompliancecenter.com\/ca\/iata-dangerous-goods-regulation-changes-in-2026\/\">Click here to download the English version<\/a><\/p>\n<h1>Pr\u00e9parez-vous aux changements de la r\u00e9glementation de l&#8217;IATA sur les marchandises dangereuses en 2026<\/h1>\n<p><img loading=\"lazy\" decoding=\"async\" class=\"wp-image-885201 alignright\" src=\"https:\/\/www.thecompliancecenter.com\/ca\/wp-content\/uploads\/sites\/4\/2025\/09\/16_ICC_IATA2026_Guide-FR-Cover-with-shadow_03_583x680px.png\" alt=\"\" width=\"276\" height=\"322\" srcset=\"https:\/\/www.thecompliancecenter.com\/ca\/wp-content\/uploads\/sites\/4\/2025\/09\/16_ICC_IATA2026_Guide-FR-Cover-with-shadow_03_583x680px.png 583w, https:\/\/www.thecompliancecenter.com\/ca\/wp-content\/uploads\/sites\/4\/2025\/09\/16_ICC_IATA2026_Guide-FR-Cover-with-shadow_03_583x680px-257x300.png 257w, https:\/\/www.thecompliancecenter.com\/ca\/wp-content\/uploads\/sites\/4\/2025\/09\/16_ICC_IATA2026_Guide-FR-Cover-with-shadow_03_583x680px-300x350.png 300w, https:\/\/www.thecompliancecenter.com\/ca\/wp-content\/uploads\/sites\/4\/2025\/09\/16_ICC_IATA2026_Guide-FR-Cover-with-shadow_03_583x680px-51x60.png 51w, https:\/\/www.thecompliancecenter.com\/ca\/wp-content\/uploads\/sites\/4\/2025\/09\/16_ICC_IATA2026_Guide-FR-Cover-with-shadow_03_583x680px-77x90.png 77w\" sizes=\"auto, (max-width: 276px) 100vw, 276px\" \/><\/p>\n<p><span style=\"font-weight: 400;\">\u00c0 compter du 1er janvier 2026, IATA appliquera de nouvelles mises \u00e0 jour \u00e0 la R\u00e9glementation pour le transport des marchandises dangereuses. Ces modifications sont essentielles pour garantir la s\u00e9curit\u00e9 du transport des mati\u00e8res dangereuses, en particulier pour les entreprises qui exp\u00e9dient des batteries, des v\u00e9hicules et des technologies \u00e9nerg\u00e9tiques nouvelles.<\/span><\/p>\n<ul>\n<li style=\"font-weight: 400;\" aria-level=\"1\"><span style=\"font-weight: 400;\">De nouvelles entr\u00e9es pour les v\u00e9hicules hybrides fonctionnant avec des gaz ou des liquides inflammables.<\/span><\/li>\n<li style=\"font-weight: 400;\" aria-level=\"1\"><span style=\"font-weight: 400;\">Des r\u00e8gles mises \u00e0 jour pour les batteries et les batteries externes transport\u00e9es par les passagers.<\/span><\/li>\n<li style=\"font-weight: 400;\" aria-level=\"1\"><span style=\"font-weight: 400;\">Des proc\u00e9dures de documentation et des exigences d&#8217;emballage clarifi\u00e9es.<\/span><\/li>\n<li style=\"font-weight: 400;\" aria-level=\"1\"><span style=\"font-weight: 400;\">Des modifications r\u00e9dactionnelles apport\u00e9es aux dispositions sp\u00e9ciales, aux variations des op\u00e9rateurs et aux organigrammes de classification.<\/span><\/li>\n<\/ul>\n<p><span style=\"font-weight: 400;\">En vous tenant inform\u00e9 d\u00e8s maintenant, vous \u00e9viterez les probl\u00e8mes de conformit\u00e9 et vous vous assurerez que vos exp\u00e9ditions sont pr\u00eates pour la nouvelle ann\u00e9e. Ne vous laissez pas surprendre et gardez une longueur d&#8217;avance gr\u00e2ce \u00e0 la derni\u00e8re version du RMD de l&#8217;IATA.<\/span>[\/vc_column_text][\/vc_column][vc_column column_padding=&#8221;no-extra-padding&#8221; column_padding_position=&#8221;all&#8221; background_color_opacity=&#8221;1&#8243; background_hover_color_opacity=&#8221;1&#8243; column_link_target=&#8221;_self&#8221; column_shadow=&#8221;none&#8221; column_border_radius=&#8221;none&#8221; width=&#8221;1\/6&#8243; tablet_width_inherit=&#8221;default&#8221; tablet_text_alignment=&#8221;default&#8221; phone_text_alignment=&#8221;default&#8221; overlay_strength=&#8221;0.3&#8243; column_border_width=&#8221;none&#8221; column_border_style=&#8221;solid&#8221; bg_image_animation=&#8221;none&#8221;][\/vc_column][\/vc_row][vc_row type=&#8221;in_container&#8221; full_screen_row_position=&#8221;middle&#8221; column_margin=&#8221;default&#8221; scene_position=&#8221;center&#8221; text_color=&#8221;dark&#8221; text_align=&#8221;left&#8221; overlay_strength=&#8221;0.3&#8243; shape_divider_position=&#8221;bottom&#8221; bg_image_animation=&#8221;none&#8221;][vc_column column_padding=&#8221;no-extra-padding&#8221; column_padding_position=&#8221;all&#8221; background_color_opacity=&#8221;1&#8243; background_hover_color_opacity=&#8221;1&#8243; column_link_target=&#8221;_self&#8221; column_shadow=&#8221;none&#8221; column_border_radius=&#8221;none&#8221; width=&#8221;1\/6&#8243; tablet_width_inherit=&#8221;default&#8221; tablet_text_alignment=&#8221;default&#8221; phone_text_alignment=&#8221;default&#8221; overlay_strength=&#8221;0.3&#8243; column_border_width=&#8221;none&#8221; column_border_style=&#8221;solid&#8221; bg_image_animation=&#8221;none&#8221;][\/vc_column][vc_column column_padding=&#8221;no-extra-padding&#8221; column_padding_position=&#8221;all&#8221; background_color_opacity=&#8221;1&#8243; background_hover_color_opacity=&#8221;1&#8243; column_link_target=&#8221;_self&#8221; column_shadow=&#8221;none&#8221; column_border_radius=&#8221;none&#8221; width=&#8221;2\/3&#8243; tablet_width_inherit=&#8221;default&#8221; tablet_text_alignment=&#8221;default&#8221; phone_text_alignment=&#8221;default&#8221; overlay_strength=&#8221;0.3&#8243; column_border_width=&#8221;none&#8221; column_border_style=&#8221;solid&#8221; bg_image_animation=&#8221;none&#8221;][vc_column_text]\n<h2>T\u00e9l\u00e9chargez maintenant et prenez des mesures proactives pour am\u00e9liorer la conformit\u00e9 et la s\u00e9curit\u00e9 !<\/h2>\n[\/vc_column_text][vc_raw_html el_class=&#8221;hub-form&#8221;]JTNDc2NyaXB0JTIwY2hhcnNldCUzRCUyMnV0Zi04JTIyJTIwdHlwZSUzRCUyMnRleHQlMkZqYXZhc2NyaXB0JTIyJTIwc3JjJTNEJTIyJTJGJTJGanMuaHNmb3Jtcy5uZXQlMkZmb3JtcyUyRmVtYmVkJTJGdjIuanMlMjIlM0UlM0MlMkZzY3JpcHQlM0UlMEElM0NzY3JpcHQlM0UlMEElMjAlMjBoYnNwdC5mb3Jtcy5jcmVhdGUlMjglN0IlMEElMjAlMjAlMjAlMjBwb3J0YWxJZCUzQSUyMCUyMjY5NjUxMTIlMjIlMkMlMEElMjAlMjAlMjAlMjBmb3JtSWQlM0ElMjAlMjJjNDM2YTZmNC0xNGQ1LTQyOTMtOGZjYi0zMGU3ZDQzZjBlMGElMjIlMkMlMEElMjAlMjAlMjAlMjByZWdpb24lM0ElMjAlMjJuYTElMjIlMEElMjAlMjAlN0QlMjklM0IlMEElM0MlMkZzY3JpcHQlM0U=[\/vc_raw_html][\/vc_column][vc_column column_padding=&#8221;no-extra-padding&#8221; column_padding_position=&#8221;all&#8221; background_color_opacity=&#8221;1&#8243; background_hover_color_opacity=&#8221;1&#8243; column_link_target=&#8221;_self&#8221; column_shadow=&#8221;none&#8221; column_border_radius=&#8221;none&#8221; width=&#8221;1\/6&#8243; tablet_width_inherit=&#8221;default&#8221; tablet_text_alignment=&#8221;default&#8221; phone_text_alignment=&#8221;default&#8221; overlay_strength=&#8221;0.3&#8243; column_border_width=&#8221;none&#8221; column_border_style=&#8221;solid&#8221; bg_image_animation=&#8221;none&#8221;][\/vc_column][\/vc_row]\n","protected":false},"excerpt":{"rendered":"<p>[vc_row type=&#8221;full_width_background&#8221; full_screen_row_position=&#8221;middle&#8221; column_margin=&#8221;default&#8221; bg_image=&#8221;882705&#8243; bg_position=&#8221;center top&#8221; bg_repeat=&#8221;no-repeat&#8221; scene_position=&#8221;center&#8221; text_color=&#8221;light&#8221; text_align=&#8221;center&#8221; top_padding=&#8221;100&#8243; bottom_padding=&#8221;140&#8243; color_overlay=&#8221;#000000&#8243; overlay_strength=&#8221;0.5&#8243; shape_divider_position=&#8221;bottom&#8221; bg_image_animation=&#8221;none&#8221; shape_type=&#8221;&#8221;][vc_column column_padding=&#8221;no-extra-padding&#8221; column_padding_position=&#8221;all&#8221;&#8230;<\/p>\n","protected":false},"author":12589,"featured_media":0,"parent":0,"menu_order":0,"comment_status":"closed","ping_status":"closed","template":"","meta":{"_acf_changed":false,"content-type":"","footnotes":""},"class_list":["post-885176","page","type-page","status-publish"],"acf":[],"yoast_head":"<!-- This site is optimized with the Yoast SEO plugin v27.6 - https:\/\/yoast.com\/product\/yoast-seo-wordpress\/ -->\n<title>Pr\u00e9parez-vous aux changements de la r\u00e9glementation de l\u2019IATA sur les marchandises dangereuses en 2026 | ICC<\/title>\n<meta name=\"description\" content=\"Stay informed with IATA DGR 2026 updates. Get the latest insights to prepare your shipments and stay ahead of potential regulatory changes.\" \/>\n<meta name=\"robots\" content=\"index, follow, max-snippet:-1, max-image-preview:large, max-video-preview:-1\" \/>\n<link rel=\"canonical\" href=\"\/ca\/wp-json\/wp\/v2\/pages\/885176\" \/>\n<meta property=\"og:locale\" content=\"en_US\" \/>\n<meta property=\"og:type\" content=\"article\" \/>\n<meta property=\"og:title\" content=\"Pr\u00e9parez-vous aux changements de la r\u00e9glementation de l\u2019IATA sur les marchandises dangereuses en 2026 | ICC\" \/>\n<meta property=\"og:description\" content=\"Stay informed with IATA DGR 2026 updates. Get the latest insights to prepare your shipments and stay ahead of potential regulatory changes.\" \/>\n<meta property=\"og:url\" content=\"https:\/\/www.thecompliancecenter.com\/ca\/preparez-vous-aux-changements-de-la-reglementation-de-liata-sur-les-marchandises-dangereuses-en-2026\/\" \/>\n<meta property=\"og:site_name\" content=\"ICC Compliance Center Inc - Canada\" \/>\n<meta property=\"article:publisher\" content=\"https:\/\/www.facebook.com\/compliancecenter\" \/>\n<meta property=\"article:modified_time\" content=\"2025-10-06T21:13:09+00:00\" \/>\n<meta property=\"og:image\" content=\"https:\/\/www.thecompliancecenter.com\/ca\/wp-content\/uploads\/sites\/4\/2025\/09\/16_ICC_IATA2026_Guide-FR-Cover-with-shadow_03_583x680px.png\" \/>\n<meta name=\"twitter:card\" content=\"summary_large_image\" \/>\n<meta name=\"twitter:site\" content=\"@ICC_Compliance\" \/>\n<meta name=\"twitter:label1\" content=\"Est. reading time\" \/>\n\t<meta name=\"twitter:data1\" content=\"2 minutes\" \/>\n<script type=\"application\/ld+json\" class=\"yoast-schema-graph\">{\"@context\":\"https:\\\/\\\/schema.org\",\"@graph\":[{\"@type\":\"WebPage\",\"@id\":\"https:\\\/\\\/www.thecompliancecenter.com\\\/ca\\\/preparez-vous-aux-changements-de-la-reglementation-de-liata-sur-les-marchandises-dangereuses-en-2026\\\/\",\"url\":\"https:\\\/\\\/www.thecompliancecenter.com\\\/ca\\\/preparez-vous-aux-changements-de-la-reglementation-de-liata-sur-les-marchandises-dangereuses-en-2026\\\/\",\"name\":\"Pr\u00e9parez-vous aux changements de la r\u00e9glementation de l\u2019IATA sur les marchandises dangereuses en 2026 | ICC\",\"isPartOf\":{\"@id\":\"https:\\\/\\\/www.thecompliancecenter.com\\\/ca\\\/#website\"},\"primaryImageOfPage\":{\"@id\":\"https:\\\/\\\/www.thecompliancecenter.com\\\/ca\\\/preparez-vous-aux-changements-de-la-reglementation-de-liata-sur-les-marchandises-dangereuses-en-2026\\\/#primaryimage\"},\"image\":{\"@id\":\"https:\\\/\\\/www.thecompliancecenter.com\\\/ca\\\/preparez-vous-aux-changements-de-la-reglementation-de-liata-sur-les-marchandises-dangereuses-en-2026\\\/#primaryimage\"},\"thumbnailUrl\":\"https:\\\/\\\/www.thecompliancecenter.com\\\/ca\\\/wp-content\\\/uploads\\\/sites\\\/4\\\/2025\\\/09\\\/16_ICC_IATA2026_Guide-FR-Cover-with-shadow_03_583x680px.png\",\"datePublished\":\"2025-09-11T15:25:26+00:00\",\"dateModified\":\"2025-10-06T21:13:09+00:00\",\"description\":\"Stay informed with IATA DGR 2026 updates. Get the latest insights to prepare your shipments and stay ahead of potential regulatory changes.\",\"breadcrumb\":{\"@id\":\"https:\\\/\\\/www.thecompliancecenter.com\\\/ca\\\/preparez-vous-aux-changements-de-la-reglementation-de-liata-sur-les-marchandises-dangereuses-en-2026\\\/#breadcrumb\"},\"inLanguage\":\"en-CA\",\"potentialAction\":[{\"@type\":\"ReadAction\",\"target\":[\"https:\\\/\\\/www.thecompliancecenter.com\\\/ca\\\/preparez-vous-aux-changements-de-la-reglementation-de-liata-sur-les-marchandises-dangereuses-en-2026\\\/\"]}]},{\"@type\":\"ImageObject\",\"inLanguage\":\"en-CA\",\"@id\":\"https:\\\/\\\/www.thecompliancecenter.com\\\/ca\\\/preparez-vous-aux-changements-de-la-reglementation-de-liata-sur-les-marchandises-dangereuses-en-2026\\\/#primaryimage\",\"url\":\"https:\\\/\\\/www.thecompliancecenter.com\\\/ca\\\/wp-content\\\/uploads\\\/sites\\\/4\\\/2025\\\/09\\\/16_ICC_IATA2026_Guide-FR-Cover-with-shadow_03_583x680px.png\",\"contentUrl\":\"https:\\\/\\\/www.thecompliancecenter.com\\\/ca\\\/wp-content\\\/uploads\\\/sites\\\/4\\\/2025\\\/09\\\/16_ICC_IATA2026_Guide-FR-Cover-with-shadow_03_583x680px.png\",\"width\":583,\"height\":680},{\"@type\":\"BreadcrumbList\",\"@id\":\"https:\\\/\\\/www.thecompliancecenter.com\\\/ca\\\/preparez-vous-aux-changements-de-la-reglementation-de-liata-sur-les-marchandises-dangereuses-en-2026\\\/#breadcrumb\",\"itemListElement\":[{\"@type\":\"ListItem\",\"position\":1,\"name\":\"Home\",\"item\":\"https:\\\/\\\/www.thecompliancecenter.com\\\/ca\\\/\"},{\"@type\":\"ListItem\",\"position\":2,\"name\":\"Pr\u00e9parez-vous aux changements de la r\u00e9glementation de l\u2019IATA sur les marchandises dangereuses en 2026\"}]},{\"@type\":\"WebSite\",\"@id\":\"https:\\\/\\\/www.thecompliancecenter.com\\\/ca\\\/#website\",\"url\":\"https:\\\/\\\/www.thecompliancecenter.com\\\/ca\\\/\",\"name\":\"ICC Compliance Center Inc - Canada\",\"description\":\"Hazmat Regulations Experts\",\"publisher\":{\"@id\":\"https:\\\/\\\/www.thecompliancecenter.com\\\/ca\\\/#organization\"},\"potentialAction\":[{\"@type\":\"SearchAction\",\"target\":{\"@type\":\"EntryPoint\",\"urlTemplate\":\"https:\\\/\\\/www.thecompliancecenter.com\\\/ca\\\/?s={search_term_string}\"},\"query-input\":{\"@type\":\"PropertyValueSpecification\",\"valueRequired\":true,\"valueName\":\"search_term_string\"}}],\"inLanguage\":\"en-CA\"},{\"@type\":\"Organization\",\"@id\":\"https:\\\/\\\/www.thecompliancecenter.com\\\/ca\\\/#organization\",\"name\":\"ICC Compliance Center\",\"url\":\"https:\\\/\\\/www.thecompliancecenter.com\\\/ca\\\/\",\"logo\":{\"@type\":\"ImageObject\",\"inLanguage\":\"en-CA\",\"@id\":\"https:\\\/\\\/www.thecompliancecenter.com\\\/ca\\\/#\\\/schema\\\/logo\\\/image\\\/\",\"url\":\"https:\\\/\\\/www.thecompliancecenter.com\\\/ca\\\/wp-content\\\/uploads\\\/sites\\\/4\\\/2020\\\/04\\\/icc-compliance-center.png\",\"contentUrl\":\"https:\\\/\\\/www.thecompliancecenter.com\\\/ca\\\/wp-content\\\/uploads\\\/sites\\\/4\\\/2020\\\/04\\\/icc-compliance-center.png\",\"width\":500,\"height\":120,\"caption\":\"ICC Compliance Center\"},\"image\":{\"@id\":\"https:\\\/\\\/www.thecompliancecenter.com\\\/ca\\\/#\\\/schema\\\/logo\\\/image\\\/\"},\"sameAs\":[\"https:\\\/\\\/www.facebook.com\\\/compliancecenter\",\"https:\\\/\\\/x.com\\\/ICC_Compliance\",\"https:\\\/\\\/www.youtube.com\\\/user\\\/icccompliancecenter\"]}]}<\/script>\n<!-- \/ Yoast SEO plugin. -->","yoast_head_json":{"title":"Pr\u00e9parez-vous aux changements de la r\u00e9glementation de l\u2019IATA sur les marchandises dangereuses en 2026 | ICC","description":"Stay informed with IATA DGR 2026 updates. Get the latest insights to prepare your shipments and stay ahead of potential regulatory changes.","robots":{"index":"index","follow":"follow","max-snippet":"max-snippet:-1","max-image-preview":"max-image-preview:large","max-video-preview":"max-video-preview:-1"},"canonical":"\/ca\/wp-json\/wp\/v2\/pages\/885176","og_locale":"en_US","og_type":"article","og_title":"Pr\u00e9parez-vous aux changements de la r\u00e9glementation de l\u2019IATA sur les marchandises dangereuses en 2026 | ICC","og_description":"Stay informed with IATA DGR 2026 updates. Get the latest insights to prepare your shipments and stay ahead of potential regulatory changes.","og_url":"https:\/\/www.thecompliancecenter.com\/ca\/preparez-vous-aux-changements-de-la-reglementation-de-liata-sur-les-marchandises-dangereuses-en-2026\/","og_site_name":"ICC Compliance Center Inc - Canada","article_publisher":"https:\/\/www.facebook.com\/compliancecenter","article_modified_time":"2025-10-06T21:13:09+00:00","og_image":[{"url":"https:\/\/www.thecompliancecenter.com\/ca\/wp-content\/uploads\/sites\/4\/2025\/09\/16_ICC_IATA2026_Guide-FR-Cover-with-shadow_03_583x680px.png","type":"","width":"","height":""}],"twitter_card":"summary_large_image","twitter_site":"@ICC_Compliance","twitter_misc":{"Est. reading time":"2 minutes"},"schema":{"@context":"https:\/\/schema.org","@graph":[{"@type":"WebPage","@id":"https:\/\/www.thecompliancecenter.com\/ca\/preparez-vous-aux-changements-de-la-reglementation-de-liata-sur-les-marchandises-dangereuses-en-2026\/","url":"https:\/\/www.thecompliancecenter.com\/ca\/preparez-vous-aux-changements-de-la-reglementation-de-liata-sur-les-marchandises-dangereuses-en-2026\/","name":"Pr\u00e9parez-vous aux changements de la r\u00e9glementation de l\u2019IATA sur les marchandises dangereuses en 2026 | ICC","isPartOf":{"@id":"https:\/\/www.thecompliancecenter.com\/ca\/#website"},"primaryImageOfPage":{"@id":"https:\/\/www.thecompliancecenter.com\/ca\/preparez-vous-aux-changements-de-la-reglementation-de-liata-sur-les-marchandises-dangereuses-en-2026\/#primaryimage"},"image":{"@id":"https:\/\/www.thecompliancecenter.com\/ca\/preparez-vous-aux-changements-de-la-reglementation-de-liata-sur-les-marchandises-dangereuses-en-2026\/#primaryimage"},"thumbnailUrl":"https:\/\/www.thecompliancecenter.com\/ca\/wp-content\/uploads\/sites\/4\/2025\/09\/16_ICC_IATA2026_Guide-FR-Cover-with-shadow_03_583x680px.png","datePublished":"2025-09-11T15:25:26+00:00","dateModified":"2025-10-06T21:13:09+00:00","description":"Stay informed with IATA DGR 2026 updates. Get the latest insights to prepare your shipments and stay ahead of potential regulatory changes.","breadcrumb":{"@id":"https:\/\/www.thecompliancecenter.com\/ca\/preparez-vous-aux-changements-de-la-reglementation-de-liata-sur-les-marchandises-dangereuses-en-2026\/#breadcrumb"},"inLanguage":"en-CA","potentialAction":[{"@type":"ReadAction","target":["https:\/\/www.thecompliancecenter.com\/ca\/preparez-vous-aux-changements-de-la-reglementation-de-liata-sur-les-marchandises-dangereuses-en-2026\/"]}]},{"@type":"ImageObject","inLanguage":"en-CA","@id":"https:\/\/www.thecompliancecenter.com\/ca\/preparez-vous-aux-changements-de-la-reglementation-de-liata-sur-les-marchandises-dangereuses-en-2026\/#primaryimage","url":"https:\/\/www.thecompliancecenter.com\/ca\/wp-content\/uploads\/sites\/4\/2025\/09\/16_ICC_IATA2026_Guide-FR-Cover-with-shadow_03_583x680px.png","contentUrl":"https:\/\/www.thecompliancecenter.com\/ca\/wp-content\/uploads\/sites\/4\/2025\/09\/16_ICC_IATA2026_Guide-FR-Cover-with-shadow_03_583x680px.png","width":583,"height":680},{"@type":"BreadcrumbList","@id":"https:\/\/www.thecompliancecenter.com\/ca\/preparez-vous-aux-changements-de-la-reglementation-de-liata-sur-les-marchandises-dangereuses-en-2026\/#breadcrumb","itemListElement":[{"@type":"ListItem","position":1,"name":"Home","item":"https:\/\/www.thecompliancecenter.com\/ca\/"},{"@type":"ListItem","position":2,"name":"Pr\u00e9parez-vous aux changements de la r\u00e9glementation de l\u2019IATA sur les marchandises dangereuses en 2026"}]},{"@type":"WebSite","@id":"https:\/\/www.thecompliancecenter.com\/ca\/#website","url":"https:\/\/www.thecompliancecenter.com\/ca\/","name":"ICC Compliance Center Inc - Canada","description":"Hazmat Regulations Experts","publisher":{"@id":"https:\/\/www.thecompliancecenter.com\/ca\/#organization"},"potentialAction":[{"@type":"SearchAction","target":{"@type":"EntryPoint","urlTemplate":"https:\/\/www.thecompliancecenter.com\/ca\/?s={search_term_string}"},"query-input":{"@type":"PropertyValueSpecification","valueRequired":true,"valueName":"search_term_string"}}],"inLanguage":"en-CA"},{"@type":"Organization","@id":"https:\/\/www.thecompliancecenter.com\/ca\/#organization","name":"ICC Compliance Center","url":"https:\/\/www.thecompliancecenter.com\/ca\/","logo":{"@type":"ImageObject","inLanguage":"en-CA","@id":"https:\/\/www.thecompliancecenter.com\/ca\/#\/schema\/logo\/image\/","url":"https:\/\/www.thecompliancecenter.com\/ca\/wp-content\/uploads\/sites\/4\/2020\/04\/icc-compliance-center.png","contentUrl":"https:\/\/www.thecompliancecenter.com\/ca\/wp-content\/uploads\/sites\/4\/2020\/04\/icc-compliance-center.png","width":500,"height":120,"caption":"ICC Compliance Center"},"image":{"@id":"https:\/\/www.thecompliancecenter.com\/ca\/#\/schema\/logo\/image\/"},"sameAs":["https:\/\/www.facebook.com\/compliancecenter","https:\/\/x.com\/ICC_Compliance","https:\/\/www.youtube.com\/user\/icccompliancecenter"]}]}},"_links":{"self":[{"href":"https:\/\/www.thecompliancecenter.com\/ca\/wp-json\/wp\/v2\/pages\/885176","targetHints":{"allow":["GET"]}}],"collection":[{"href":"https:\/\/www.thecompliancecenter.com\/ca\/wp-json\/wp\/v2\/pages"}],"about":[{"href":"https:\/\/www.thecompliancecenter.com\/ca\/wp-json\/wp\/v2\/types\/page"}],"author":[{"embeddable":true,"href":"https:\/\/www.thecompliancecenter.com\/ca\/wp-json\/wp\/v2\/users\/12589"}],"replies":[{"embeddable":true,"href":"https:\/\/www.thecompliancecenter.com\/ca\/wp-json\/wp\/v2\/comments?post=885176"}],"version-history":[{"count":0,"href":"https:\/\/www.thecompliancecenter.com\/ca\/wp-json\/wp\/v2\/pages\/885176\/revisions"}],"wp:attachment":[{"href":"https:\/\/www.thecompliancecenter.com\/ca\/wp-json\/wp\/v2\/media?parent=885176"}],"curies":[{"name":"wp","href":"https:\/\/api.w.org\/{rel}","templated":true}]}}